{"id":164,"date":"2022-01-01T08:18:57","date_gmt":"2022-01-01T11:18:57","guid":{"rendered":"https:\/\/clinicamedicabemestar.com.br\/?page_id=164"},"modified":"2022-06-14T20:38:09","modified_gmt":"2022-06-14T23:38:09","slug":"empresa","status":"publish","type":"page","link":"https:\/\/clinicamedicabemestar.com.br\/index.php\/empresa\/","title":{"rendered":"EMPRESA"},"content":{"rendered":"\n<p class=\"has-medium-font-size\" id=\"u1734-2\">A Cl\u00ednica Bem Estar, nasceu apenas h\u00e1 8 anos, e desde ent\u00e3o vem se estruturando com o objetivo de atender em um s\u00f3 lugar as mais variadas necessidades dos pacientes, com isso buscamos na diversifica\u00e7\u00e3o das Especialidades, o nosso maior diferencial. Uma Cl\u00ednica onde o paciente sabe que encontrar\u00e1 as mais variadas especialidades e que assim, poder\u00e1 ter seus atendimentos centralizados e organizados em uma equipe multidisciplinar que poder\u00e1 atuar em conjunto, e trocar conhecimentos e informa\u00e7\u00f5es valiosas sobre a hist\u00f3ria Cl\u00ednica do paciente, conseguindo com isso os melhores resultados em preven\u00e7\u00e3o e em tratamentos m\u00e9dicos.<\/p>\n\n\n\n<p class=\"has-medium-font-size\" id=\"u1734-3\">&nbsp;<\/p>\n\n\n\n<p class=\"has-medium-font-size\" id=\"u1734-5\">Nossa equipe hoje, conta com mais de 40 Profissionais de Sa\u00fade, que atendem em nossas 02 unidades (Vila Velha e Vit\u00f3ria), contamos com o apoio de profissionais que compartilham da nossa mesma ideologia (vis\u00e3o), que \u00e9 de assistir ao paciente de forma a priorizar os cuidados com a sa\u00fade, de maneira que os pacientes n\u00e3o venham \u00e0 Cl\u00ednica apenas por necessidade de tratar suas doen\u00e7as, e sim com o objetivo de se precaver, buscando na preven\u00e7\u00e3o da sa\u00fade, o seu BEM ESTAR.<\/p>\n\n\n\n<p class=\"has-medium-font-size\" id=\"u1734-6\">&nbsp;<\/p>\n\n\n\n<p class=\"has-medium-font-size\" id=\"u1734-8\">E na busca de oferecer sempre aos pacientes um melhor tratamento, nossa equipe m\u00e9dica constantemente participam de Congressos e Palestras para aprimorarem seus conhecimentos, e trazerem para dentro do consult\u00f3rio o que h\u00e1 de mais inovador e moderno na Especialidade em que atuam.<\/p>\n\n\n\n<p class=\"has-medium-font-size\" id=\"u1734-9\">&nbsp;<\/p>\n\n\n\n<p class=\"has-medium-font-size\" id=\"u1734-11\">Nesses 05 anos, estivemos em constante aprendizado, e com isso, na busca de oferecer sempre um melhor atendimento aos pacientes, evolu\u00edmos, e hoje contamos com um Corpo Cl\u00ednico altamente conceituado, e que est\u00e1 pronto para cuidar da sa\u00fade de nossos pacientes e fornecer um atendimento de alto padr\u00e3o.<\/p>\n\n\n\n<p class=\"has-medium-font-size\" id=\"u1734-12\">&nbsp;<\/p>\n\n\n\n<p class=\"has-medium-font-size\" id=\"u1734-14\">Em nossas 02 unidades, dispomos de atendimento com hora marcada,&nbsp; instala\u00e7\u00f5es com acessibilidade, climatizadas, confort\u00e1veis, informatizadas e inclusive com estacionamento pr\u00f3prio na unidade de Vila Velha.<\/p>\n\n\n\n<p class=\"has-medium-font-size\" id=\"u1734-15\">&nbsp;<\/p>\n\n\n\n<p class=\"has-medium-font-size\" id=\"u1734-17\">Al\u00e9m disso, estamos investindo em capacita\u00e7\u00e3o e treinamentos da nossa equipe de atendimento e recep\u00e7\u00e3o, tudo isto para que nossos clientes se sintam atendidos de maneira adequada, com agilidade, conforto e satisfa\u00e7\u00e3o.<\/p>\n","protected":false},"excerpt":{"rendered":"<p>A Cl\u00ednica Bem Estar, nasceu apenas h\u00e1 8 anos, e desde ent\u00e3o vem se estruturando com o objetivo de atender em um s\u00f3 lugar as mais variadas necessidades dos pacientes, com isso buscamos na diversifica\u00e7\u00e3o das Especialidades, o nosso maior diferencial. Uma Cl\u00ednica onde o paciente sabe que encontrar\u00e1 as mais variadas especialidades e que [&hellip;]<\/p>\n","protected":false},"author":1,"featured_media":0,"parent":0,"menu_order":0,"comment_status":"closed","ping_status":"closed","template":"","meta":{"footnotes":""},"class_list":["post-164","page","type-page","status-publish","hentry"],"_links":{"self":[{"href":"https:\/\/clinicamedicabemestar.com.br\/index.php\/wp-json\/wp\/v2\/pages\/164","targetHints":{"allow":["GET"]}}],"collection":[{"href":"https:\/\/clinicamedicabemestar.com.br\/index.php\/wp-json\/wp\/v2\/pages"}],"about":[{"href":"https:\/\/clinicamedicabemestar.com.br\/index.php\/wp-json\/wp\/v2\/types\/page"}],"author":[{"embeddable":true,"href":"https:\/\/clinicamedicabemestar.com.br\/index.php\/wp-json\/wp\/v2\/users\/1"}],"replies":[{"embeddable":true,"href":"https:\/\/clinicamedicabemestar.com.br\/index.php\/wp-json\/wp\/v2\/comments?post=164"}],"version-history":[{"count":4,"href":"https:\/\/clinicamedicabemestar.com.br\/index.php\/wp-json\/wp\/v2\/pages\/164\/revisions"}],"predecessor-version":[{"id":181,"href":"https:\/\/clinicamedicabemestar.com.br\/index.php\/wp-json\/wp\/v2\/pages\/164\/revisions\/181"}],"wp:attachment":[{"href":"https:\/\/clinicamedicabemestar.com.br\/index.php\/wp-json\/wp\/v2\/media?parent=164"}],"curies":[{"name":"wp","href":"https:\/\/api.w.org\/{rel}","templated":true}]}}