{"id":15,"date":"2021-12-27T11:20:04","date_gmt":"2021-12-27T14:20:04","guid":{"rendered":"http:\/\/clinicamedicabemestar.com.br\/?page_id=15"},"modified":"2021-12-28T18:29:40","modified_gmt":"2021-12-28T21:29:40","slug":"especialidades","status":"publish","type":"page","link":"https:\/\/clinicamedicabemestar.com.br\/index.php\/especialidades\/","title":{"rendered":"ESPECIALIDADES"},"content":{"rendered":"\n<figure class=\"wp-block-table is-style-stripes\"><table class=\"has-fixed-layout\"><thead><tr><th>ESPECIALIDADES   M\u00c9DICAS <\/th><th><\/th><th>EXAMES<\/th><\/tr><\/thead><tbody><tr><td> &#8211; ALERGIA &nbsp;<br> &#8211; CARDIOLOGIA <br> &#8211; CL\u00cdNICO GERAL <br> &#8211; CIRURGIA GERAL  <br> &#8211; DERMATOLOGIA <br> &#8211; ENDOCRINOLOGIA <br> &#8211; GASTROENTEROLOGIA <br> &#8211; GINECOLOGIA <br> &#8211; HOMEOPATIA <br> &#8211; INFECTOLOGIA &nbsp;<br> <\/td><td>&#8211; NEUROLOGIA <br>&#8211; NEUROCIRURGIA <br>&#8211; NUTRI\u00c7\u00c3O <br>&#8211; ORTOPEDIA <br>&#8211; PEDIATRIA <br>&#8211; PROCTOLOGIA <br>&#8211; PSIQUIATRIA <br>&#8211; REUMATOLOGIA <br>&#8211; UROLOGIA<\/td><td>&#8211; DOPPLER DE CAR\u00d3TIDAS VERTEBRAIS <br>&#8211; ECOCARDIOGRAMA <br>&#8211; ELETROCARDIOGRAMA <br>&#8211; MAPA 24 HORAS (em Vit\u00f3ria) <br>&#8211; HOLTER 24 HORAS (em Vit\u00f3ria) <br>&#8211; ELETROENCEFALOGRAMA <br>&#8211; RETOSSIGMOIDOSCOPIA R\u00cdGIDA <br>&#8211; TESTE ERGOM\u00c9TRICO &nbsp;<\/td><\/tr><\/tbody><\/table><\/figure>\n\n\n\n<p class=\"has-drop-cap\"><\/p>\n","protected":false},"excerpt":{"rendered":"<p>ESPECIALIDADES M\u00c9DICAS EXAMES &#8211; ALERGIA &nbsp; &#8211; CARDIOLOGIA &#8211; CL\u00cdNICO GERAL &#8211; CIRURGIA GERAL &#8211; DERMATOLOGIA &#8211; ENDOCRINOLOGIA &#8211; GASTROENTEROLOGIA &#8211; GINECOLOGIA &#8211; HOMEOPATIA &#8211; INFECTOLOGIA &nbsp; &#8211; NEUROLOGIA &#8211; NEUROCIRURGIA &#8211; NUTRI\u00c7\u00c3O &#8211; ORTOPEDIA &#8211; PEDIATRIA &#8211; PROCTOLOGIA &#8211; PSIQUIATRIA &#8211; REUMATOLOGIA &#8211; UROLOGIA &#8211; DOPPLER DE CAR\u00d3TIDAS VERTEBRAIS &#8211; ECOCARDIOGRAMA &#8211; ELETROCARDIOGRAMA &#8211; [&hellip;]<\/p>\n","protected":false},"author":1,"featured_media":0,"parent":0,"menu_order":0,"comment_status":"closed","ping_status":"closed","template":"templates\/template_page-full-width.php","meta":{"footnotes":""},"class_list":["post-15","page","type-page","status-publish","hentry"],"_links":{"self":[{"href":"https:\/\/clinicamedicabemestar.com.br\/index.php\/wp-json\/wp\/v2\/pages\/15","targetHints":{"allow":["GET"]}}],"collection":[{"href":"https:\/\/clinicamedicabemestar.com.br\/index.php\/wp-json\/wp\/v2\/pages"}],"about":[{"href":"https:\/\/clinicamedicabemestar.com.br\/index.php\/wp-json\/wp\/v2\/types\/page"}],"author":[{"embeddable":true,"href":"https:\/\/clinicamedicabemestar.com.br\/index.php\/wp-json\/wp\/v2\/users\/1"}],"replies":[{"embeddable":true,"href":"https:\/\/clinicamedicabemestar.com.br\/index.php\/wp-json\/wp\/v2\/comments?post=15"}],"version-history":[{"count":19,"href":"https:\/\/clinicamedicabemestar.com.br\/index.php\/wp-json\/wp\/v2\/pages\/15\/revisions"}],"predecessor-version":[{"id":149,"href":"https:\/\/clinicamedicabemestar.com.br\/index.php\/wp-json\/wp\/v2\/pages\/15\/revisions\/149"}],"wp:attachment":[{"href":"https:\/\/clinicamedicabemestar.com.br\/index.php\/wp-json\/wp\/v2\/media?parent=15"}],"curies":[{"name":"wp","href":"https:\/\/api.w.org\/{rel}","templated":true}]}}